{"id":1607,"date":"2022-05-13T22:19:50","date_gmt":"2022-05-13T20:19:50","guid":{"rendered":"http:\/\/humandesigndivine.si\/?post_type=product&#038;p=1607"},"modified":"2026-03-30T19:21:58","modified_gmt":"2026-03-30T17:21:58","slug":"osnovna-razlaga-human-design-analiza","status":"publish","type":"product","link":"https:\/\/humandesigndivine.si\/en\/product\/osnovna-razlaga-human-design-analiza\/","title":{"rendered":"Basic Human Design Analysis Interpretation"},"content":{"rendered":"<div class=\"elementor-element elementor-element-2155597 elementor-hidden-tablet elementor-widget elementor-widget-text-editor\" data-id=\"2155597\" data-element_type=\"widget\" data-widget_type=\"text-editor.default\">\n<div class=\"elementor-widget-container\">\n<div class=\"elementor-text-editor elementor-clearfix\">\n<div class=\"elementor-element elementor-element-1978af0 elementor-hidden-tablet elementor-widget elementor-widget-text-editor\" data-id=\"1978af0\" data-element_type=\"widget\" data-widget_type=\"text-editor.default\">\n<div class=\"elementor-widget-container\">\n<div class=\"elementor-text-editor elementor-clearfix\">\n<p>The Basic Human Design Analysis offers a deep and insightful introduction to your unique energetic blueprint. This session is designed to help you better understand yourself, your natural way of functioning, and your potential in everyday life.\n\nDuring the analysis, we explore the core elements of your Human Design chart, including your Type, Strategy, and Authority \u2014 the foundations for correct decision-making and aligned living. You will learn how to move through life in a way that feels more natural, recognize what truly supports you, and communicate more effectively with the world around you.<\/p>\n<p>Poleg tega vam analiza ponuja vpogled v to, kje \u017eivite svoj potencial in kje ne, kar vam pomaga prepoznati podro\u010dja, na katerih lahko \u0161e napredujete ali se razvijate. S prakti\u010dnimi re\u0161itvami, ki jih dobite v okviru analize, se boste nau\u010dili, kako \u017eiveti v skladu s svojim resni\u010dnim jazom in izkoristiti svoje talente in potenciale na najbolj\u0161i mo\u017een na\u010din.<\/p>\n<p>This session provides clarity, self-acceptance, and a deeper sense of inner alignment \u2014 without pressure to change who you are.<\/p>\n<p><strong>Practical guidance on how to live in alignment with your design<\/strong><\/p>\n<ul>\n<li>Type<\/li>\n<li>Strategy and Authority<\/li>\n<li>Insights into where you are living your potential and where you are not<\/li>\n<li>Practical guidance on how to live in alignment with your design<\/li>\n<li>Osebna Human Design knjiga<\/li>\n<li>And much more\u2026<\/li>\n<\/ul>\n<\/div>\n<\/div>\n<div class=\"elementor-element elementor-element-4d509e9 elementor-hidden-tablet elementor-widget elementor-widget-text-editor\" data-id=\"4d509e9\" data-element_type=\"widget\" data-widget_type=\"text-editor.default\">\n<div class=\"elementor-widget-container\">\n<div class=\"elementor-text-editor elementor-clearfix\">\n<p><strong>Duration:<\/strong><br \/>\nThe full interpretation lasts 60 minutes.\nAdditional time is available if needed:\nEach extra 30 minutes: \u20ac75<\/p>\n<\/div>\n<\/div>\n<\/div>\n<\/div>\n<\/div>\n<\/div>\n<\/div>","protected":false},"excerpt":{"rendered":"<p>A Human Design analysis helps you reconnect with your true nature and live in alignment with who you really are. By understanding your type, strategy, and authority, you gain clarity on how to make decisions, use your energy wisely, and live more authentically.<\/p>","protected":false},"featured_media":4766,"template":"","meta":{"site-sidebar-layout":"default","site-content-layout":"default","ast-site-content-layout":"default","site-content-style":"default","site-sidebar-style":"default","ast-global-header-display":"","ast-banner-title-visibility":"","ast-main-header-display":"","ast-hfb-above-header-display":"","ast-hfb-below-header-display":"","ast-hfb-mobile-header-display":"","site-post-title":"","ast-breadcrumbs-content":"","ast-featured-img":"","footer-sml-layout":"","ast-disable-related-posts":"","theme-transparent-header-meta":"default","adv-header-id-meta":"","stick-header-meta":"","header-above-stick-meta":"","header-main-stick-meta":"","header-below-stick-meta":"","astra-migrate-meta-layouts":"set","ast-page-background-enabled":"default","ast-page-background-meta":{"desktop":{"background-color":"","background-image":"","background-repeat":"repeat","background-position":"center center","background-size":"auto","background-attachment":"scroll","background-type":"","background-media":"","overlay-type":"","overlay-color":"","overlay-opacity":"","overlay-gradient":""},"tablet":{"background-color":"","background-image":"","background-repeat":"repeat","background-position":"center center","background-size":"auto","background-attachment":"scroll","background-type":"","background-media":"","overlay-type":"","overlay-color":"","overlay-opacity":"","overlay-gradient":""},"mobile":{"background-color":"","background-image":"","background-repeat":"repeat","background-position":"center center","background-size":"auto","background-attachment":"scroll","background-type":"","background-media":"","overlay-type":"","overlay-color":"","overlay-opacity":"","overlay-gradient":""}},"ast-content-background-meta":{"desktop":{"background-color":"var(--ast-global-color-5)","background-image":"","background-repeat":"repeat","background-position":"center center","background-size":"auto","background-attachment":"scroll","background-type":"","background-media":"","overlay-type":"","overlay-color":"","overlay-opacity":"","overlay-gradient":""},"tablet":{"background-color":"var(--ast-global-color-5)","background-image":"","background-repeat":"repeat","background-position":"center center","background-size":"auto","background-attachment":"scroll","background-type":"","background-media":"","overlay-type":"","overlay-color":"","overlay-opacity":"","overlay-gradient":""},"mobile":{"background-color":"var(--ast-global-color-5)","background-image":"","background-repeat":"repeat","background-position":"center center","background-size":"auto","background-attachment":"scroll","background-type":"","background-media":"","overlay-type":"","overlay-color":"","overlay-opacity":"","overlay-gradient":""}}},"product_brand":[],"product_cat":[27],"product_tag":[],"class_list":{"0":"post-1607","1":"product","2":"type-product","3":"status-publish","4":"has-post-thumbnail","6":"product_cat-storitve","7":"desktop-align-left","8":"tablet-align-left","9":"mobile-align-left","11":"first","12":"instock","13":"virtual","14":"purchasable","15":"product-type-simple"},"aioseo_notices":[],"_links":{"self":[{"href":"https:\/\/humandesigndivine.si\/en\/wp-json\/wp\/v2\/product\/1607","targetHints":{"allow":["GET"]}}],"collection":[{"href":"https:\/\/humandesigndivine.si\/en\/wp-json\/wp\/v2\/product"}],"about":[{"href":"https:\/\/humandesigndivine.si\/en\/wp-json\/wp\/v2\/types\/product"}],"version-history":[{"count":11,"href":"https:\/\/humandesigndivine.si\/en\/wp-json\/wp\/v2\/product\/1607\/revisions"}],"predecessor-version":[{"id":5543,"href":"https:\/\/humandesigndivine.si\/en\/wp-json\/wp\/v2\/product\/1607\/revisions\/5543"}],"wp:featuredmedia":[{"embeddable":true,"href":"https:\/\/humandesigndivine.si\/en\/wp-json\/wp\/v2\/media\/4766"}],"wp:attachment":[{"href":"https:\/\/humandesigndivine.si\/en\/wp-json\/wp\/v2\/media?parent=1607"}],"wp:term":[{"taxonomy":"product_brand","embeddable":true,"href":"https:\/\/humandesigndivine.si\/en\/wp-json\/wp\/v2\/product_brand?post=1607"},{"taxonomy":"product_cat","embeddable":true,"href":"https:\/\/humandesigndivine.si\/en\/wp-json\/wp\/v2\/product_cat?post=1607"},{"taxonomy":"product_tag","embeddable":true,"href":"https:\/\/humandesigndivine.si\/en\/wp-json\/wp\/v2\/product_tag?post=1607"}],"curies":[{"name":"wp","href":"https:\/\/api.w.org\/{rel}","templated":true}]}}